{"id":110,"date":"2024-03-25T09:52:09","date_gmt":"2024-03-25T12:52:09","guid":{"rendered":"https:\/\/www.argentinaase.org\/nuevo\/?page_id=110"},"modified":"2024-04-08T19:40:35","modified_gmt":"2024-04-08T22:40:35","slug":"nuestro-nombre","status":"publish","type":"page","link":"https:\/\/www.argentinaase.org\/fr\/nuestro-nombre\/","title":{"rendered":"Notre nom"},"content":{"rendered":"<p><div class=\"fusion-fullwidth fullwidth-box fusion-builder-row-1 fusion-flex-container has-pattern-background has-mask-background nonhundred-percent-fullwidth non-hundred-percent-height-scrolling\" style=\"--awb-border-radius-top-left:0px;--awb-border-radius-top-right:0px;--awb-border-radius-bottom-right:0px;--awb-border-radius-bottom-left:0px;--awb-padding-top:100px;--awb-padding-bottom:80px;--awb-padding-top-medium:50px;--awb-padding-top-small:106px;--awb-padding-right-small:30px;--awb-margin-top:0px;--awb-flex-wrap:wrap;\" ><div class=\"fusion-builder-row fusion-row fusion-flex-align-items-flex-start fusion-flex-content-wrap\" style=\"max-width:1248px;margin-left: calc(-4% \/ 2 );margin-right: calc(-4% \/ 2 );\"><div class=\"fusion-layout-column fusion_builder_column fusion-builder-column-0 fusion_builder_column_1_2 1_2 fusion-flex-column\" style=\"--awb-bg-size:cover;--awb-width-large:50%;--awb-margin-top-large:0px;--awb-spacing-right-large:3.84%;--awb-margin-bottom-large:20px;--awb-spacing-left-large:3.84%;--awb-width-medium:50%;--awb-order-medium:0;--awb-spacing-right-medium:3.84%;--awb-spacing-left-medium:3.84%;--awb-width-small:100%;--awb-order-small:0;--awb-spacing-right-small:1.92%;--awb-spacing-left-small:1.92%;\"><div class=\"fusion-column-wrapper fusion-column-has-shadow fusion-flex-justify-content-flex-start fusion-content-layout-column\"><div class=\"fusion-text fusion-text-1\"><p data-fusion-font=\"true\" data-fusion-google-font=\"Epilogue\" data-fusion-google-variant=\"600\" style=\"font-family: Epilogue;\"><b>Notre nom est une double vision strat\u00e9gique pour notre pays: ASE signifie ENVIRONNEMENT, DURABILIT\u00c9 et \u00c9COSYST\u00c8MES, et ASE signifie AUSTRAL, SUD-AM\u00c9RICAIN et \u00c9MERGENT.<\/b><\/p>\n<p class=\" translation-block\"><b>ENVIRONNEMENT, DURABILIT\u00c9 et \u00c9COSYST\u00c8MES<\/b> est une mani\u00e8re int\u00e9grale de comprendre le d\u00e9veloppement humain o\u00f9 la croissance \u00e9conomique d\u00e9riv\u00e9e de la gestion productive des ressources naturelles, des processus industriels intensifs et de l'\u00e9conomie des services ne doivent pas \u00eatre dissoci\u00e9es de la protection de <b>l'ENVIRONNEMENT<\/b>, de la gestion <b>DURABLE<\/b> des ressources naturelles et de la pr\u00e9servation des <b>\u00c9COSYST\u00c8MES<\/b> autochtones.<\/p>\n<p><b>AUSTRAL, SUD-AM\u00c9RICAIN et \u00c9MERGENT<\/b> est une vision de la place de notre pays dans le monde. Nous sommes une nation <b>AUSTRAL<\/b> avec une projection naturelle et historique sur le continent Antarctique et dot\u00e9e d'une \u00e9norme plateforme continentale de pr\u00e8s de 6 millions de km\u00b2 ; nous sommes une nation <b>SUD-AM\u00c9RICAINE<\/b> ins\u00e9r\u00e9e dans une r\u00e9gion pacifique et exempte d'armes nucl\u00e9aires dot\u00e9e d'un immense patrimoine naturel ; et nous sommes une nation <b>\u00c9MERGENTE<\/b>, avec une identit\u00e9 pacifique solide ancr\u00e9e dans le multilat\u00e9ralisme et la coop\u00e9ration internationale.<\/p>\n<p>Cette double vision strat\u00e9gique est le cadre \u00e0 partir duquel nous construisons notre agenda et inspirons des liens d'amiti\u00e9 et de coop\u00e9ration durables.<\/p>\n<\/div><\/div><\/div><\/div><\/div><div class=\"fusion-fullwidth fullwidth-box fusion-builder-row-2 fusion-flex-container has-pattern-background has-mask-background nonhundred-percent-fullwidth non-hundred-percent-height-scrolling\" style=\"--awb-border-radius-top-left:0px;--awb-border-radius-top-right:0px;--awb-border-radius-bottom-right:0px;--awb-border-radius-bottom-left:0px;--awb-flex-wrap:wrap;\" ><div class=\"fusion-builder-row fusion-row fusion-flex-align-items-flex-start fusion-flex-content-wrap\" style=\"max-width:1248px;margin-left: calc(-4% \/ 2 );margin-right: calc(-4% \/ 2 );\"><div class=\"fusion-layout-column fusion_builder_column fusion-builder-column-1 fusion_builder_column_1_1 1_1 fusion-flex-column\" style=\"--awb-bg-size:cover;--awb-width-large:100%;--awb-margin-top-large:0px;--awb-spacing-right-large:1.92%;--awb-margin-bottom-large:20px;--awb-spacing-left-large:1.92%;--awb-width-medium:100%;--awb-order-medium:0;--awb-spacing-right-medium:1.92%;--awb-spacing-left-medium:1.92%;--awb-width-small:100%;--awb-order-small:0;--awb-spacing-right-small:1.92%;--awb-spacing-left-small:1.92%;\"><div class=\"fusion-column-wrapper fusion-column-has-shadow fusion-flex-justify-content-flex-start fusion-content-layout-column\"><div class=\"fusion-separator fusion-full-width-sep\" style=\"align-self: center;margin-left: auto;margin-right: auto;width:100%;\"><div class=\"fusion-separator-border sep-single sep-solid\" style=\"--awb-height:20px;--awb-amount:20px;border-color:var(--awb-color3);border-top-width:1px;\"><\/div><\/div><\/div><\/div><\/div><\/div><\/p>","protected":false},"excerpt":{"rendered":"","protected":false},"author":1,"featured_media":0,"parent":0,"menu_order":0,"comment_status":"closed","ping_status":"closed","template":"100-width.php","meta":{"footnotes":""},"class_list":["post-110","page","type-page","status-publish","hentry"],"yoast_head":"<!-- This site is optimized with the Yoast SEO plugin v22.4 - https:\/\/yoast.com\/wordpress\/plugins\/seo\/ -->\n<title>Nuestro Nombre &#183; Fundaci\u00f3n Argentina ASE<\/title>\n<meta name=\"description\" content=\"ASE es AMBIENTE, SUSTENTABILIDAD y ECOSISTEMAS y ASE es AUSTRAL, SUDAMERICANA y EMERGENTE.\" \/>\n<meta name=\"robots\" content=\"index, follow, max-snippet:-1, max-image-preview:large, max-video-preview:-1\" \/>\n<link rel=\"canonical\" href=\"https:\/\/www.argentinaase.org\/fr\/nuestro-nombre\/\" \/>\n<meta property=\"og:locale\" content=\"fr_FR\" \/>\n<meta property=\"og:type\" content=\"article\" \/>\n<meta property=\"og:title\" content=\"Nuestro Nombre &#183; Fundaci\u00f3n Argentina ASE\" \/>\n<meta property=\"og:description\" content=\"ASE es AMBIENTE, SUSTENTABILIDAD y ECOSISTEMAS y ASE es AUSTRAL, SUDAMERICANA y EMERGENTE.\" \/>\n<meta property=\"og:url\" content=\"https:\/\/www.argentinaase.org\/fr\/nuestro-nombre\/\" \/>\n<meta property=\"og:site_name\" content=\"Fundaci\u00f3n Argentina ASE\" \/>\n<meta property=\"article:publisher\" content=\"https:\/\/www.facebook.com\/ArgentinaASE\" \/>\n<meta property=\"article:modified_time\" content=\"2024-04-08T22:40:35+00:00\" \/>\n<meta property=\"og:image\" content=\"https:\/\/www.argentinaase.org\/wp-content\/uploads\/2024\/04\/ASE_Logo-02-scaled.jpg\" \/>\n\t<meta property=\"og:image:width\" content=\"2560\" \/>\n\t<meta property=\"og:image:height\" content=\"1280\" \/>\n\t<meta property=\"og:image:type\" content=\"image\/jpeg\" \/>\n<meta name=\"twitter:card\" content=\"summary_large_image\" \/>\n<meta name=\"twitter:site\" content=\"@argentinaase\" \/>\n<meta name=\"twitter:label1\" content=\"Dur\u00e9e de lecture estim\u00e9e\" \/>\n\t<meta name=\"twitter:data1\" content=\"6 minutes\" \/>\n<script type=\"application\/ld+json\" class=\"yoast-schema-graph\">{\"@context\":\"https:\/\/schema.org\",\"@graph\":[{\"@type\":\"WebPage\",\"@id\":\"https:\/\/www.argentinaase.org\/nuestro-nombre\/\",\"url\":\"https:\/\/www.argentinaase.org\/nuestro-nombre\/\",\"name\":\"Nuestro Nombre &#183; Fundaci\u00f3n Argentina ASE\",\"isPartOf\":{\"@id\":\"https:\/\/www.argentinaase.org\/#website\"},\"datePublished\":\"2024-03-25T12:52:09+00:00\",\"dateModified\":\"2024-04-08T22:40:35+00:00\",\"description\":\"ASE es AMBIENTE, SUSTENTABILIDAD y ECOSISTEMAS y ASE es AUSTRAL, SUDAMERICANA y EMERGENTE.\",\"breadcrumb\":{\"@id\":\"https:\/\/www.argentinaase.org\/nuestro-nombre\/#breadcrumb\"},\"inLanguage\":\"fr-FR\",\"potentialAction\":[{\"@type\":\"ReadAction\",\"target\":[\"https:\/\/www.argentinaase.org\/nuestro-nombre\/\"]}]},{\"@type\":\"BreadcrumbList\",\"@id\":\"https:\/\/www.argentinaase.org\/nuestro-nombre\/#breadcrumb\",\"itemListElement\":[{\"@type\":\"ListItem\",\"position\":1,\"name\":\"Inicio\",\"item\":\"https:\/\/www.argentinaase.org\/\"},{\"@type\":\"ListItem\",\"position\":2,\"name\":\"Nuestro Nombre\"}]},{\"@type\":\"WebSite\",\"@id\":\"https:\/\/www.argentinaase.org\/#website\",\"url\":\"https:\/\/www.argentinaase.org\/\",\"name\":\"Fundaci\u00f3n Argentina ASE\",\"description\":\"\",\"publisher\":{\"@id\":\"https:\/\/www.argentinaase.org\/#organization\"},\"potentialAction\":[{\"@type\":\"SearchAction\",\"target\":{\"@type\":\"EntryPoint\",\"urlTemplate\":\"https:\/\/www.argentinaase.org\/?s={search_term_string}\"},\"query-input\":\"required name=search_term_string\"}],\"inLanguage\":\"fr-FR\"},{\"@type\":\"Organization\",\"@id\":\"https:\/\/www.argentinaase.org\/#organization\",\"name\":\"Fundaci\u00f3n Argentina ASE\",\"url\":\"https:\/\/www.argentinaase.org\/\",\"logo\":{\"@type\":\"ImageObject\",\"inLanguage\":\"fr-FR\",\"@id\":\"https:\/\/www.argentinaase.org\/#\/schema\/logo\/image\/\",\"url\":\"https:\/\/www.argentinaase.org\/wp-content\/uploads\/2024\/04\/ASE_Logo-02-scaled.jpg\",\"contentUrl\":\"https:\/\/www.argentinaase.org\/wp-content\/uploads\/2024\/04\/ASE_Logo-02-scaled.jpg\",\"width\":2560,\"height\":1280,\"caption\":\"Fundaci\u00f3n Argentina ASE\"},\"image\":{\"@id\":\"https:\/\/www.argentinaase.org\/#\/schema\/logo\/image\/\"},\"sameAs\":[\"https:\/\/www.facebook.com\/ArgentinaASE\",\"https:\/\/twitter.com\/argentinaase\",\"https:\/\/www.instagram.com\/argentinaase\/\",\"https:\/\/www.linkedin.com\/company\/52172641\/\"]}]}<\/script>\n<!-- \/ Yoast SEO plugin. -->","yoast_head_json":{"title":"Nuestro Nombre &#183; Fundaci\u00f3n Argentina ASE","description":"ASE es AMBIENTE, SUSTENTABILIDAD y ECOSISTEMAS y ASE es AUSTRAL, SUDAMERICANA y EMERGENTE.","robots":{"index":"index","follow":"follow","max-snippet":"max-snippet:-1","max-image-preview":"max-image-preview:large","max-video-preview":"max-video-preview:-1"},"canonical":"https:\/\/www.argentinaase.org\/fr\/nuestro-nombre\/","og_locale":"fr_FR","og_type":"article","og_title":"Nuestro Nombre &#183; Fundaci\u00f3n Argentina ASE","og_description":"ASE es AMBIENTE, SUSTENTABILIDAD y ECOSISTEMAS y ASE es AUSTRAL, SUDAMERICANA y EMERGENTE.","og_url":"https:\/\/www.argentinaase.org\/fr\/nuestro-nombre\/","og_site_name":"Fundaci\u00f3n Argentina ASE","article_publisher":"https:\/\/www.facebook.com\/ArgentinaASE","article_modified_time":"2024-04-08T22:40:35+00:00","og_image":[{"width":2560,"height":1280,"url":"https:\/\/www.argentinaase.org\/wp-content\/uploads\/2024\/04\/ASE_Logo-02-scaled.jpg","type":"image\/jpeg"}],"twitter_card":"summary_large_image","twitter_site":"@argentinaase","twitter_misc":{"Dur\u00e9e de lecture estim\u00e9e":"6 minutes"},"schema":{"@context":"https:\/\/schema.org","@graph":[{"@type":"WebPage","@id":"https:\/\/www.argentinaase.org\/nuestro-nombre\/","url":"https:\/\/www.argentinaase.org\/nuestro-nombre\/","name":"Nuestro Nombre &#183; Fundaci\u00f3n Argentina ASE","isPartOf":{"@id":"https:\/\/www.argentinaase.org\/#website"},"datePublished":"2024-03-25T12:52:09+00:00","dateModified":"2024-04-08T22:40:35+00:00","description":"ASE es AMBIENTE, SUSTENTABILIDAD y ECOSISTEMAS y ASE es AUSTRAL, SUDAMERICANA y EMERGENTE.","breadcrumb":{"@id":"https:\/\/www.argentinaase.org\/nuestro-nombre\/#breadcrumb"},"inLanguage":"fr-FR","potentialAction":[{"@type":"ReadAction","target":["https:\/\/www.argentinaase.org\/nuestro-nombre\/"]}]},{"@type":"BreadcrumbList","@id":"https:\/\/www.argentinaase.org\/nuestro-nombre\/#breadcrumb","itemListElement":[{"@type":"ListItem","position":1,"name":"Inicio","item":"https:\/\/www.argentinaase.org\/"},{"@type":"ListItem","position":2,"name":"Nuestro Nombre"}]},{"@type":"WebSite","@id":"https:\/\/www.argentinaase.org\/#website","url":"https:\/\/www.argentinaase.org\/","name":"Fundaci\u00f3n Argentina ASE","description":"","publisher":{"@id":"https:\/\/www.argentinaase.org\/#organization"},"potentialAction":[{"@type":"SearchAction","target":{"@type":"EntryPoint","urlTemplate":"https:\/\/www.argentinaase.org\/?s={search_term_string}"},"query-input":"required name=search_term_string"}],"inLanguage":"fr-FR"},{"@type":"Organization","@id":"https:\/\/www.argentinaase.org\/#organization","name":"Fundaci\u00f3n Argentina ASE","url":"https:\/\/www.argentinaase.org\/","logo":{"@type":"ImageObject","inLanguage":"fr-FR","@id":"https:\/\/www.argentinaase.org\/#\/schema\/logo\/image\/","url":"https:\/\/www.argentinaase.org\/wp-content\/uploads\/2024\/04\/ASE_Logo-02-scaled.jpg","contentUrl":"https:\/\/www.argentinaase.org\/wp-content\/uploads\/2024\/04\/ASE_Logo-02-scaled.jpg","width":2560,"height":1280,"caption":"Fundaci\u00f3n Argentina ASE"},"image":{"@id":"https:\/\/www.argentinaase.org\/#\/schema\/logo\/image\/"},"sameAs":["https:\/\/www.facebook.com\/ArgentinaASE","https:\/\/twitter.com\/argentinaase","https:\/\/www.instagram.com\/argentinaase\/","https:\/\/www.linkedin.com\/company\/52172641\/"]}]}},"_links":{"self":[{"href":"https:\/\/www.argentinaase.org\/fr\/wp-json\/wp\/v2\/pages\/110","targetHints":{"allow":["GET"]}}],"collection":[{"href":"https:\/\/www.argentinaase.org\/fr\/wp-json\/wp\/v2\/pages"}],"about":[{"href":"https:\/\/www.argentinaase.org\/fr\/wp-json\/wp\/v2\/types\/page"}],"author":[{"embeddable":true,"href":"https:\/\/www.argentinaase.org\/fr\/wp-json\/wp\/v2\/users\/1"}],"replies":[{"embeddable":true,"href":"https:\/\/www.argentinaase.org\/fr\/wp-json\/wp\/v2\/comments?post=110"}],"version-history":[{"count":14,"href":"https:\/\/www.argentinaase.org\/fr\/wp-json\/wp\/v2\/pages\/110\/revisions"}],"predecessor-version":[{"id":985,"href":"https:\/\/www.argentinaase.org\/fr\/wp-json\/wp\/v2\/pages\/110\/revisions\/985"}],"wp:attachment":[{"href":"https:\/\/www.argentinaase.org\/fr\/wp-json\/wp\/v2\/media?parent=110"}],"curies":[{"name":"wp","href":"https:\/\/api.w.org\/{rel}","templated":true}]}}