{"id":389,"date":"2024-03-26T15:14:02","date_gmt":"2024-03-26T18:14:02","guid":{"rendered":"https:\/\/www.argentinaase.org\/nuevo\/?page_id=389"},"modified":"2024-04-09T12:31:12","modified_gmt":"2024-04-09T15:31:12","slug":"bosques-nativos-chaco","status":"publish","type":"page","link":"https:\/\/www.argentinaase.org\/fr\/bosques-nativos-chaco\/","title":{"rendered":"Bosques nativos chaco"},"content":{"rendered":"<p><div class=\"fusion-fullwidth fullwidth-box fusion-builder-row-1 fusion-flex-container has-pattern-background has-mask-background fusion-parallax-none hundred-percent-fullwidth non-hundred-percent-height-scrolling\" style=\"--awb-border-radius-top-left:0px;--awb-border-radius-top-right:0px;--awb-border-radius-bottom-right:0px;--awb-border-radius-bottom-left:0px;--awb-padding-right:0px;--awb-padding-left:0px;--awb-background-image:url(&quot;https:\/\/www.argentinaase.org\/wp-content\/uploads\/2024\/04\/Slide4-1.jpg&quot;);--awb-background-size:cover;--awb-flex-wrap:wrap;\" ><div class=\"fusion-builder-row fusion-row fusion-flex-align-items-center fusion-flex-justify-content-center fusion-flex-content-wrap\" style=\"width:104% !important;max-width:104% !important;margin-left: calc(-4% \/ 2 );margin-right: calc(-4% \/ 2 );\"><div class=\"fusion-layout-column fusion_builder_column fusion-builder-column-0 fusion_builder_column_1_1 1_1 fusion-flex-column fusion-flex-align-self-center\" style=\"--awb-padding-top:130px;--awb-padding-bottom:90px;--awb-padding-left:0px;--awb-bg-color:#rgba(140,79,18,0.94);--awb-bg-color-hover:#rgba(140,79,18,0.94);--awb-bg-position:center center;--awb-bg-size:cover;--awb-width-large:100%;--awb-margin-top-large:0px;--awb-spacing-right-large:0%;--awb-margin-bottom-large:0px;--awb-spacing-left-large:1.92%;--awb-width-medium:100%;--awb-order-medium:0;--awb-spacing-right-medium:0%;--awb-spacing-left-medium:1.92%;--awb-width-small:100%;--awb-order-small:0;--awb-spacing-right-small:1.92%;--awb-spacing-left-small:1.92%;\"><div class=\"fusion-column-wrapper fusion-column-has-shadow fusion-flex-justify-content-center fusion-content-layout-column\"><div class=\"fusion-image-element\" style=\"text-align:center;--awb-max-width:100px;--awb-caption-title-font-family:var(--h2_typography-font-family);--awb-caption-title-font-weight:var(--h2_typography-font-weight);--awb-caption-title-font-style:var(--h2_typography-font-style);--awb-caption-title-size:var(--h2_typography-font-size);--awb-caption-title-transform:var(--h2_typography-text-transform);--awb-caption-title-line-height:var(--h2_typography-line-height);--awb-caption-title-letter-spacing:var(--h2_typography-letter-spacing);\"><span class=\"fusion-imageframe imageframe-none imageframe-1 hover-type-none\"><img decoding=\"async\" width=\"500\" height=\"329\" title=\"Icon4\" src=\"https:\/\/www.argentinaase.org\/wp-content\/uploads\/2024\/04\/Icon4.png\" alt class=\"img-responsive wp-image-839\" srcset=\"https:\/\/www.argentinaase.org\/wp-content\/uploads\/2024\/04\/Icon4-200x132.png 200w, https:\/\/www.argentinaase.org\/wp-content\/uploads\/2024\/04\/Icon4-400x263.png 400w, https:\/\/www.argentinaase.org\/wp-content\/uploads\/2024\/04\/Icon4.png 500w\" sizes=\"(max-width: 640px) 100vw, 500px\" \/><\/span><\/div><div class=\"fusion-text fusion-text-1\" style=\"--awb-margin-top:-10px;\"><h5 style=\"text-align: center;\"><span style=\"font-family: Inter;\" data-fusion-font=\"true\" data-fusion-google-font=\"Inter\" data-fusion-google-variant=\"500\"><span style=\"font-size: 46px; font-family: 'Instrument Sans'; color: rgb(255, 255, 255); font-weight: 600; line-height: 55.2px;\" data-fusion-font=\"true\" data-fusion-google-font=\"Instrument Sans\" data-fusion-google-variant=\"600\">For\u00eats Natives <br \/>dans le Gran Chaco<\/span><\/span><\/h5>\n<\/div><\/div><\/div><\/div><\/div><div class=\"fusion-fullwidth fullwidth-box fusion-builder-row-2 fusion-flex-container has-pattern-background has-mask-background nonhundred-percent-fullwidth non-hundred-percent-height-scrolling\" style=\"--awb-border-radius-top-left:0px;--awb-border-radius-top-right:0px;--awb-border-radius-bottom-right:0px;--awb-border-radius-bottom-left:0px;--awb-padding-top:100px;--awb-padding-bottom:80px;--awb-padding-top-medium:50px;--awb-padding-right-small:30px;--awb-margin-top:0px;--awb-flex-wrap:wrap;\" ><div class=\"fusion-builder-row fusion-row fusion-flex-align-items-flex-start fusion-flex-content-wrap\" style=\"max-width:1248px;margin-left: calc(-4% \/ 2 );margin-right: calc(-4% \/ 2 );\"><div class=\"fusion-layout-column fusion_builder_column fusion-builder-column-1 fusion_builder_column_2_3 2_3 fusion-flex-column\" style=\"--awb-bg-size:cover;--awb-width-large:66.666666666667%;--awb-margin-top-large:0px;--awb-spacing-right-large:2.88%;--awb-margin-bottom-large:20px;--awb-spacing-left-large:2.88%;--awb-width-medium:66.666666666667%;--awb-order-medium:0;--awb-spacing-right-medium:2.88%;--awb-spacing-left-medium:2.88%;--awb-width-small:100%;--awb-order-small:0;--awb-spacing-right-small:1.92%;--awb-spacing-left-small:1.92%;\"><div class=\"fusion-column-wrapper fusion-column-has-shadow fusion-flex-justify-content-flex-start fusion-content-layout-column\"><div class=\"fusion-text fusion-text-2\"><p style=\"font-size: 15px; font-family: Inter; font-weight: 500;\" data-fusion-font=\"true\" data-fusion-google-font=\"Inter\" data-fusion-google-variant=\"500\"><span style=\"color: var(--awb-text-color); font-family: 'Instrument Sans'; font-size: var(--awb-font-size); font-weight: 500; letter-spacing: var(--awb-letter-spacing); text-align: var(--awb-content-alignment); text-transform: var(--awb-text-transform); background-color: var(--awb-bg-color-hover);\" data-fusion-font=\"true\" data-fusion-google-font=\"Instrument Sans\" data-fusion-google-variant=\"500\">L'objectif de ce projet est de g\u00e9n\u00e9rer des capacit\u00e9s locales dans la communaut\u00e9 du dioc\u00e8se d'A\u00f1atuya, l'une des r\u00e9gions les plus inhospitali\u00e8res du pays, gr\u00e2ce \u00e0 la r\u00e9cup\u00e9ration des capacit\u00e9s de production de biens et de services \u00e9cosyst\u00e9miques de la for\u00eat par la plantation et la gestion durable de l'algarrobo blanco (Prosopis Alba) comme principale esp\u00e8ce.<\/span><\/p>\n<p data-fusion-font=\"true\" style=\"font-size: 15px; font-family: 'Instrument Sans'; font-weight: 500;\" data-fusion-google-font=\"Instrument Sans\" data-fusion-google-variant=\"500\">L'endroit se trouve \u00e0 Santiago del Estero et fait partie du grand Chaco, couvrant 68 000 km2 et environ 150 000 habitants (une densit\u00e9 de 2,20 %). Cette grande \u00e9tendue et faible population fait que les gens vivent dans de petits villages et des ranchs isol\u00e9s entour\u00e9s de for\u00eats.<\/p>\n<\/div><\/div><\/div><\/div><\/div><div class=\"fusion-fullwidth fullwidth-box fusion-builder-row-3 fusion-flex-container has-pattern-background has-mask-background nonhundred-percent-fullwidth non-hundred-percent-height-scrolling\" style=\"--awb-border-radius-top-left:0px;--awb-border-radius-top-right:0px;--awb-border-radius-bottom-right:0px;--awb-border-radius-bottom-left:0px;--awb-padding-top:100px;--awb-padding-bottom:80px;--awb-padding-top-medium:50px;--awb-padding-right-small:30px;--awb-margin-top:0px;--awb-background-color:var(--awb-color3);--awb-flex-wrap:wrap;\" ><div class=\"fusion-builder-row fusion-row fusion-flex-align-items-flex-start fusion-flex-justify-content-center fusion-flex-content-wrap\" style=\"max-width:1248px;margin-left: calc(-4% \/ 2 );margin-right: calc(-4% \/ 2 );\"><div class=\"fusion-layout-column fusion_builder_column fusion-builder-column-2 fusion_builder_column_1_2 1_2 fusion-flex-column\" style=\"--awb-bg-size:cover;--awb-width-large:50%;--awb-margin-top-large:0px;--awb-spacing-right-large:3.84%;--awb-margin-bottom-large:20px;--awb-spacing-left-large:3.84%;--awb-width-medium:50%;--awb-order-medium:0;--awb-spacing-right-medium:3.84%;--awb-spacing-left-medium:3.84%;--awb-width-small:100%;--awb-order-small:0;--awb-spacing-right-small:1.92%;--awb-spacing-left-small:1.92%;\"><div class=\"fusion-column-wrapper fusion-column-has-shadow fusion-flex-justify-content-flex-start fusion-content-layout-column\"><div class=\"fusion-text fusion-text-3\"><p><span data-fusion-font=\"true\" style=\"font-size: 18px; font-family: Inter;\" data-fusion-google-font=\"Inter\" data-fusion-google-variant=\"700\"><b data-fusion-font=\"true\" data-fusion-google-font=\"Instrument Sans\" data-fusion-google-variant=\"700\" style=\"font-family: 'Instrument Sans'; font-weight: 700;\">Projet forestier<\/b><\/span><\/p>\n<p>Planter, reboiser et enrichir les for\u00eats natives avec une couverture foresti\u00e8re de 500 000 arbres (dans les zones jaunes et vertes de la loi sur les for\u00eats), sur 1 248 ha du campo El Majan de l'\u00e9v\u00each\u00e9 pour \u00e9tablir un puits de carbone pour 30 ans, en partageant avec la communaut\u00e9 ce que produit les fruits de la for\u00eat, le contr\u00f4le, la maintenance et les soins de la for\u00eat pour ladite p\u00e9riode. Dans ce sc\u00e9nario, un total accumul\u00e9 est obtenu, pour un horizon de temps de 30 ans, de 748 800 certificats, avec une moyenne annuelle de 24 960 certificats (chaque certificat correspond \u00e0 1 tonne).<\/p>\n<\/div><\/div><\/div><div class=\"fusion-layout-column fusion_builder_column fusion-builder-column-3 fusion_builder_column_1_2 1_2 fusion-flex-column\" style=\"--awb-bg-size:cover;--awb-width-large:50%;--awb-margin-top-large:0px;--awb-spacing-right-large:3.84%;--awb-margin-bottom-large:20px;--awb-spacing-left-large:3.84%;--awb-width-medium:50%;--awb-order-medium:0;--awb-spacing-right-medium:3.84%;--awb-spacing-left-medium:3.84%;--awb-width-small:100%;--awb-order-small:0;--awb-spacing-right-small:1.92%;--awb-spacing-left-small:1.92%;\"><div class=\"fusion-column-wrapper fusion-column-has-shadow fusion-flex-justify-content-flex-start fusion-content-layout-column\"><div class=\"fusion-text fusion-text-4\"><p><span data-fusion-font=\"true\" style=\"font-size: 18px; font-family: Inter;\" data-fusion-google-font=\"Inter\" data-fusion-google-variant=\"700\"><b data-fusion-font=\"true\" data-fusion-google-font=\"Instrument Sans\" data-fusion-google-variant=\"700\" style=\"font-family: 'Instrument Sans'; font-weight: 700;\">Impact social<\/b><\/span><\/p>\n<p>Le projet implique la communaut\u00e9 par le biais de formations pour travailler sur le projet de reboisement, cr\u00e9ant ainsi \"des emplois verts\". Dans une premi\u00e8re \u00e9tape, il accompagne le Coll\u00e8ge Agrotechnique San Benito de Santos Lugares, propri\u00e9t\u00e9 du Dioc\u00e8se, dans la formation et la gestion des entreprises li\u00e9es \u00e0 la promotion de la for\u00eat. Les principales lignes \u00e0 d\u00e9velopper sont: <\/p>\n<p>-Apiculture, et tous ses d\u00e9riv\u00e9s<br \/><span style=\"background-color: var(--awb-bg-color-hover); color: var(--awb-text-color); font-family: var(--awb-text-font-family); font-size: var(--awb-font-size); font-style: var(--awb-text-font-style); font-weight: var(--awb-text-font-weight); letter-spacing: var(--awb-letter-spacing); text-align: var(--awb-content-alignment); text-transform: var(--awb-text-transform);\">-Farine de caroube (qui a d\u00e9j\u00e0 des lignes d'exportation) et ses d\u00e9riv\u00e9s<br \/><\/span><span style=\"color: var(--awb-text-color); font-family: var(--awb-text-font-family); font-size: var(--awb-font-size); font-style: var(--awb-text-font-style); font-weight: var(--awb-text-font-weight); letter-spacing: var(--awb-letter-spacing); text-align: var(--awb-content-alignment); text-transform: var(--awb-text-transform); background-color: var(--awb-bg-color-hover);\">-Essences<br \/><\/span><span style=\"color: var(--awb-text-color); font-family: var(--awb-text-font-family); font-size: var(--awb-font-size); font-style: var(--awb-text-font-style); font-weight: var(--awb-text-font-weight); letter-spacing: var(--awb-letter-spacing); text-align: var(--awb-content-alignment); text-transform: var(--awb-text-transform); background-color: var(--awb-bg-color-hover);\">-Fourrage d\u00e9riv\u00e9 des fruits de la for\u00eat<br \/><\/span><span style=\"color: var(--awb-text-color); font-family: var(--awb-text-font-family); font-size: var(--awb-font-size); font-style: var(--awb-text-font-style); font-weight: var(--awb-text-font-weight); letter-spacing: var(--awb-letter-spacing); text-align: var(--awb-content-alignment); text-transform: var(--awb-text-transform); background-color: var(--awb-bg-color-hover);\">-Travaux en p\u00e9pini\u00e8re<\/span><\/p>\n<p>L'objectif du projet est de pouvoir g\u00e9n\u00e9rer des marques pour les produits, la formation, les lignes de commercialisation et le suivi des entreprises associ\u00e9es au d\u00e9veloppement de la production foresti\u00e8re.<\/p>\n<\/div><\/div><\/div><\/div><\/div><\/p>","protected":false},"excerpt":{"rendered":"","protected":false},"author":1,"featured_media":0,"parent":0,"menu_order":0,"comment_status":"closed","ping_status":"closed","template":"100-width.php","meta":{"footnotes":""},"class_list":["post-389","page","type-page","status-publish","hentry"],"yoast_head":"<!-- This site is optimized with the Yoast SEO plugin v22.4 - https:\/\/yoast.com\/wordpress\/plugins\/seo\/ -->\n<title>Bosques nativos chaco &#183; Fundaci\u00f3n Argentina ASE<\/title>\n<meta name=\"description\" content=\"ASE es AMBIENTE, SUSTENTABILIDAD y ECOSISTEMAS y ASE es AUSTRAL, SUDAMERICANA y EMERGENTE.\" \/>\n<meta name=\"robots\" content=\"index, follow, max-snippet:-1, max-image-preview:large, max-video-preview:-1\" \/>\n<link rel=\"canonical\" href=\"https:\/\/www.argentinaase.org\/fr\/bosques-nativos-chaco\/\" \/>\n<meta property=\"og:locale\" content=\"fr_FR\" \/>\n<meta property=\"og:type\" content=\"article\" \/>\n<meta property=\"og:title\" content=\"Bosques nativos chaco &#183; Fundaci\u00f3n Argentina ASE\" \/>\n<meta property=\"og:description\" content=\"ASE es AMBIENTE, SUSTENTABILIDAD y ECOSISTEMAS y ASE es AUSTRAL, SUDAMERICANA y EMERGENTE.\" \/>\n<meta property=\"og:url\" content=\"https:\/\/www.argentinaase.org\/fr\/bosques-nativos-chaco\/\" \/>\n<meta property=\"og:site_name\" content=\"Fundaci\u00f3n Argentina ASE\" \/>\n<meta property=\"article:publisher\" content=\"https:\/\/www.facebook.com\/ArgentinaASE\" \/>\n<meta property=\"article:modified_time\" content=\"2024-04-09T15:31:12+00:00\" \/>\n<meta property=\"og:image\" content=\"https:\/\/www.argentinaase.org\/wp-content\/uploads\/2024\/04\/ASE_Logo-02-scaled.jpg\" \/>\n\t<meta property=\"og:image:width\" content=\"2560\" \/>\n\t<meta property=\"og:image:height\" content=\"1280\" \/>\n\t<meta property=\"og:image:type\" content=\"image\/jpeg\" \/>\n<meta name=\"twitter:card\" content=\"summary_large_image\" \/>\n<meta name=\"twitter:site\" content=\"@argentinaase\" \/>\n<meta name=\"twitter:label1\" content=\"Dur\u00e9e de lecture estim\u00e9e\" \/>\n\t<meta name=\"twitter:data1\" content=\"11 minutes\" \/>\n<script type=\"application\/ld+json\" class=\"yoast-schema-graph\">{\"@context\":\"https:\/\/schema.org\",\"@graph\":[{\"@type\":\"WebPage\",\"@id\":\"https:\/\/www.argentinaase.org\/bosques-nativos-chaco\/\",\"url\":\"https:\/\/www.argentinaase.org\/bosques-nativos-chaco\/\",\"name\":\"Bosques nativos chaco &#183; Fundaci\u00f3n Argentina ASE\",\"isPartOf\":{\"@id\":\"https:\/\/www.argentinaase.org\/#website\"},\"datePublished\":\"2024-03-26T18:14:02+00:00\",\"dateModified\":\"2024-04-09T15:31:12+00:00\",\"description\":\"ASE es AMBIENTE, SUSTENTABILIDAD y ECOSISTEMAS y ASE es AUSTRAL, SUDAMERICANA y EMERGENTE.\",\"breadcrumb\":{\"@id\":\"https:\/\/www.argentinaase.org\/bosques-nativos-chaco\/#breadcrumb\"},\"inLanguage\":\"fr-FR\",\"potentialAction\":[{\"@type\":\"ReadAction\",\"target\":[\"https:\/\/www.argentinaase.org\/bosques-nativos-chaco\/\"]}]},{\"@type\":\"BreadcrumbList\",\"@id\":\"https:\/\/www.argentinaase.org\/bosques-nativos-chaco\/#breadcrumb\",\"itemListElement\":[{\"@type\":\"ListItem\",\"position\":1,\"name\":\"Inicio\",\"item\":\"https:\/\/www.argentinaase.org\/\"},{\"@type\":\"ListItem\",\"position\":2,\"name\":\"Bosques nativos chaco\"}]},{\"@type\":\"WebSite\",\"@id\":\"https:\/\/www.argentinaase.org\/#website\",\"url\":\"https:\/\/www.argentinaase.org\/\",\"name\":\"Fundaci\u00f3n Argentina ASE\",\"description\":\"\",\"publisher\":{\"@id\":\"https:\/\/www.argentinaase.org\/#organization\"},\"potentialAction\":[{\"@type\":\"SearchAction\",\"target\":{\"@type\":\"EntryPoint\",\"urlTemplate\":\"https:\/\/www.argentinaase.org\/?s={search_term_string}\"},\"query-input\":\"required name=search_term_string\"}],\"inLanguage\":\"fr-FR\"},{\"@type\":\"Organization\",\"@id\":\"https:\/\/www.argentinaase.org\/#organization\",\"name\":\"Fundaci\u00f3n Argentina ASE\",\"url\":\"https:\/\/www.argentinaase.org\/\",\"logo\":{\"@type\":\"ImageObject\",\"inLanguage\":\"fr-FR\",\"@id\":\"https:\/\/www.argentinaase.org\/#\/schema\/logo\/image\/\",\"url\":\"https:\/\/www.argentinaase.org\/wp-content\/uploads\/2024\/04\/ASE_Logo-02-scaled.jpg\",\"contentUrl\":\"https:\/\/www.argentinaase.org\/wp-content\/uploads\/2024\/04\/ASE_Logo-02-scaled.jpg\",\"width\":2560,\"height\":1280,\"caption\":\"Fundaci\u00f3n Argentina ASE\"},\"image\":{\"@id\":\"https:\/\/www.argentinaase.org\/#\/schema\/logo\/image\/\"},\"sameAs\":[\"https:\/\/www.facebook.com\/ArgentinaASE\",\"https:\/\/twitter.com\/argentinaase\",\"https:\/\/www.instagram.com\/argentinaase\/\",\"https:\/\/www.linkedin.com\/company\/52172641\/\"]}]}<\/script>\n<!-- \/ Yoast SEO plugin. -->","yoast_head_json":{"title":"Bosques nativos chaco &#183; Fundaci\u00f3n Argentina ASE","description":"ASE es AMBIENTE, SUSTENTABILIDAD y ECOSISTEMAS y ASE es AUSTRAL, SUDAMERICANA y EMERGENTE.","robots":{"index":"index","follow":"follow","max-snippet":"max-snippet:-1","max-image-preview":"max-image-preview:large","max-video-preview":"max-video-preview:-1"},"canonical":"https:\/\/www.argentinaase.org\/fr\/bosques-nativos-chaco\/","og_locale":"fr_FR","og_type":"article","og_title":"Bosques nativos chaco &#183; Fundaci\u00f3n Argentina ASE","og_description":"ASE es AMBIENTE, SUSTENTABILIDAD y ECOSISTEMAS y ASE es AUSTRAL, SUDAMERICANA y EMERGENTE.","og_url":"https:\/\/www.argentinaase.org\/fr\/bosques-nativos-chaco\/","og_site_name":"Fundaci\u00f3n Argentina ASE","article_publisher":"https:\/\/www.facebook.com\/ArgentinaASE","article_modified_time":"2024-04-09T15:31:12+00:00","og_image":[{"width":2560,"height":1280,"url":"https:\/\/www.argentinaase.org\/wp-content\/uploads\/2024\/04\/ASE_Logo-02-scaled.jpg","type":"image\/jpeg"}],"twitter_card":"summary_large_image","twitter_site":"@argentinaase","twitter_misc":{"Dur\u00e9e de lecture estim\u00e9e":"11 minutes"},"schema":{"@context":"https:\/\/schema.org","@graph":[{"@type":"WebPage","@id":"https:\/\/www.argentinaase.org\/bosques-nativos-chaco\/","url":"https:\/\/www.argentinaase.org\/bosques-nativos-chaco\/","name":"Bosques nativos chaco &#183; Fundaci\u00f3n Argentina ASE","isPartOf":{"@id":"https:\/\/www.argentinaase.org\/#website"},"datePublished":"2024-03-26T18:14:02+00:00","dateModified":"2024-04-09T15:31:12+00:00","description":"ASE es AMBIENTE, SUSTENTABILIDAD y ECOSISTEMAS y ASE es AUSTRAL, SUDAMERICANA y EMERGENTE.","breadcrumb":{"@id":"https:\/\/www.argentinaase.org\/bosques-nativos-chaco\/#breadcrumb"},"inLanguage":"fr-FR","potentialAction":[{"@type":"ReadAction","target":["https:\/\/www.argentinaase.org\/bosques-nativos-chaco\/"]}]},{"@type":"BreadcrumbList","@id":"https:\/\/www.argentinaase.org\/bosques-nativos-chaco\/#breadcrumb","itemListElement":[{"@type":"ListItem","position":1,"name":"Inicio","item":"https:\/\/www.argentinaase.org\/"},{"@type":"ListItem","position":2,"name":"Bosques nativos chaco"}]},{"@type":"WebSite","@id":"https:\/\/www.argentinaase.org\/#website","url":"https:\/\/www.argentinaase.org\/","name":"Fundaci\u00f3n Argentina ASE","description":"","publisher":{"@id":"https:\/\/www.argentinaase.org\/#organization"},"potentialAction":[{"@type":"SearchAction","target":{"@type":"EntryPoint","urlTemplate":"https:\/\/www.argentinaase.org\/?s={search_term_string}"},"query-input":"required name=search_term_string"}],"inLanguage":"fr-FR"},{"@type":"Organization","@id":"https:\/\/www.argentinaase.org\/#organization","name":"Fundaci\u00f3n Argentina ASE","url":"https:\/\/www.argentinaase.org\/","logo":{"@type":"ImageObject","inLanguage":"fr-FR","@id":"https:\/\/www.argentinaase.org\/#\/schema\/logo\/image\/","url":"https:\/\/www.argentinaase.org\/wp-content\/uploads\/2024\/04\/ASE_Logo-02-scaled.jpg","contentUrl":"https:\/\/www.argentinaase.org\/wp-content\/uploads\/2024\/04\/ASE_Logo-02-scaled.jpg","width":2560,"height":1280,"caption":"Fundaci\u00f3n Argentina ASE"},"image":{"@id":"https:\/\/www.argentinaase.org\/#\/schema\/logo\/image\/"},"sameAs":["https:\/\/www.facebook.com\/ArgentinaASE","https:\/\/twitter.com\/argentinaase","https:\/\/www.instagram.com\/argentinaase\/","https:\/\/www.linkedin.com\/company\/52172641\/"]}]}},"_links":{"self":[{"href":"https:\/\/www.argentinaase.org\/fr\/wp-json\/wp\/v2\/pages\/389","targetHints":{"allow":["GET"]}}],"collection":[{"href":"https:\/\/www.argentinaase.org\/fr\/wp-json\/wp\/v2\/pages"}],"about":[{"href":"https:\/\/www.argentinaase.org\/fr\/wp-json\/wp\/v2\/types\/page"}],"author":[{"embeddable":true,"href":"https:\/\/www.argentinaase.org\/fr\/wp-json\/wp\/v2\/users\/1"}],"replies":[{"embeddable":true,"href":"https:\/\/www.argentinaase.org\/fr\/wp-json\/wp\/v2\/comments?post=389"}],"version-history":[{"count":15,"href":"https:\/\/www.argentinaase.org\/fr\/wp-json\/wp\/v2\/pages\/389\/revisions"}],"predecessor-version":[{"id":1042,"href":"https:\/\/www.argentinaase.org\/fr\/wp-json\/wp\/v2\/pages\/389\/revisions\/1042"}],"wp:attachment":[{"href":"https:\/\/www.argentinaase.org\/fr\/wp-json\/wp\/v2\/media?parent=389"}],"curies":[{"name":"wp","href":"https:\/\/api.w.org\/{rel}","templated":true}]}}