{"id":396,"date":"2024-03-26T15:25:09","date_gmt":"2024-03-26T18:25:09","guid":{"rendered":"https:\/\/www.argentinaase.org\/nuevo\/?page_id=396"},"modified":"2024-05-09T15:46:08","modified_gmt":"2024-05-09T18:46:08","slug":"forestacion-en-autopistas","status":"publish","type":"page","link":"https:\/\/www.argentinaase.org\/fr\/forestacion-en-autopistas\/","title":{"rendered":"Forestaci\u00f3n en autopistas"},"content":{"rendered":"<p><div class=\"fusion-fullwidth fullwidth-box fusion-builder-row-1 fusion-flex-container has-pattern-background has-mask-background fusion-parallax-none hundred-percent-fullwidth non-hundred-percent-height-scrolling\" style=\"--awb-border-radius-top-left:0px;--awb-border-radius-top-right:0px;--awb-border-radius-bottom-right:0px;--awb-border-radius-bottom-left:0px;--awb-padding-right:0px;--awb-padding-left:0px;--awb-background-image:url(&quot;https:\/\/www.argentinaase.org\/wp-content\/uploads\/2024\/04\/Slide5-1.jpg&quot;);--awb-background-size:cover;--awb-flex-wrap:wrap;\" ><div class=\"fusion-builder-row fusion-row fusion-flex-align-items-center fusion-flex-justify-content-center fusion-flex-content-wrap\" style=\"width:104% !important;max-width:104% !important;margin-left: calc(-4% \/ 2 );margin-right: calc(-4% \/ 2 );\"><div class=\"fusion-layout-column fusion_builder_column fusion-builder-column-0 fusion_builder_column_1_1 1_1 fusion-flex-column fusion-flex-align-self-center\" style=\"--awb-padding-top:130px;--awb-padding-bottom:90px;--awb-padding-left:0px;--awb-bg-color:#rgba(92,112,75,0.94);--awb-bg-color-hover:#rgba(92,112,75,0.94);--awb-bg-position:center center;--awb-bg-size:cover;--awb-width-large:100%;--awb-margin-top-large:0px;--awb-spacing-right-large:0%;--awb-margin-bottom-large:0px;--awb-spacing-left-large:1.92%;--awb-width-medium:100%;--awb-order-medium:0;--awb-spacing-right-medium:0%;--awb-spacing-left-medium:1.92%;--awb-width-small:100%;--awb-order-small:0;--awb-spacing-right-small:1.92%;--awb-spacing-left-small:1.92%;\"><div class=\"fusion-column-wrapper fusion-column-has-shadow fusion-flex-justify-content-center fusion-content-layout-column\"><div class=\"fusion-image-element\" style=\"text-align:center;--awb-max-width:100px;--awb-caption-title-font-family:var(--h2_typography-font-family);--awb-caption-title-font-weight:var(--h2_typography-font-weight);--awb-caption-title-font-style:var(--h2_typography-font-style);--awb-caption-title-size:var(--h2_typography-font-size);--awb-caption-title-transform:var(--h2_typography-text-transform);--awb-caption-title-line-height:var(--h2_typography-line-height);--awb-caption-title-letter-spacing:var(--h2_typography-letter-spacing);\"><span class=\"fusion-imageframe imageframe-none imageframe-1 hover-type-none\"><img decoding=\"async\" width=\"500\" height=\"329\" title=\"Icon4\" src=\"https:\/\/www.argentinaase.org\/wp-content\/uploads\/2024\/04\/Icon4.png\" alt class=\"img-responsive wp-image-839\" srcset=\"https:\/\/www.argentinaase.org\/wp-content\/uploads\/2024\/04\/Icon4-200x132.png 200w, https:\/\/www.argentinaase.org\/wp-content\/uploads\/2024\/04\/Icon4-400x263.png 400w, https:\/\/www.argentinaase.org\/wp-content\/uploads\/2024\/04\/Icon4.png 500w\" sizes=\"(max-width: 640px) 100vw, 500px\" \/><\/span><\/div><div class=\"fusion-text fusion-text-1\" style=\"--awb-margin-top:-10px;\"><h5 style=\"text-align: center;\"><span style=\"font-family: Inter;\" data-fusion-font=\"true\" data-fusion-google-font=\"Inter\" data-fusion-google-variant=\"500\"><span style=\"font-size: 46px; font-family: 'Instrument Sans'; color: rgb(255, 255, 255); font-weight: 600; line-height: 55.2px;\" data-fusion-font=\"true\" data-fusion-google-font=\"Instrument Sans\" data-fusion-google-variant=\"600\">Reboisement sur les autoroutes<\/span><\/span><\/h5>\n<\/div><\/div><\/div><\/div><\/div><div class=\"fusion-fullwidth fullwidth-box fusion-builder-row-2 fusion-flex-container has-pattern-background has-mask-background nonhundred-percent-fullwidth non-hundred-percent-height-scrolling\" style=\"--awb-border-radius-top-left:0px;--awb-border-radius-top-right:0px;--awb-border-radius-bottom-right:0px;--awb-border-radius-bottom-left:0px;--awb-padding-top:100px;--awb-padding-bottom:80px;--awb-padding-top-medium:50px;--awb-padding-right-small:30px;--awb-margin-top:0px;--awb-flex-wrap:wrap;\" ><div class=\"fusion-builder-row fusion-row fusion-flex-align-items-flex-start fusion-flex-content-wrap\" style=\"max-width:1248px;margin-left: calc(-4% \/ 2 );margin-right: calc(-4% \/ 2 );\"><div class=\"fusion-layout-column fusion_builder_column fusion-builder-column-1 fusion_builder_column_2_3 2_3 fusion-flex-column\" style=\"--awb-bg-size:cover;--awb-width-large:66.666666666667%;--awb-margin-top-large:0px;--awb-spacing-right-large:2.88%;--awb-margin-bottom-large:20px;--awb-spacing-left-large:2.88%;--awb-width-medium:66.666666666667%;--awb-order-medium:0;--awb-spacing-right-medium:2.88%;--awb-spacing-left-medium:2.88%;--awb-width-small:100%;--awb-order-small:0;--awb-spacing-right-small:1.92%;--awb-spacing-left-small:1.92%;\"><div class=\"fusion-column-wrapper fusion-column-has-shadow fusion-flex-justify-content-flex-start fusion-content-layout-column\"><div class=\"fusion-text fusion-text-2\"><p style=\"font-size: 15px; font-family: Inter; font-weight: 500;\" data-fusion-font=\"true\" data-fusion-google-font=\"Inter\" data-fusion-google-variant=\"500\"><span style=\"color: var(--awb-text-color); font-family: 'Instrument Sans'; font-weight: 500; letter-spacing: var(--awb-letter-spacing); text-align: var(--awb-content-alignment); text-transform: var(--awb-text-transform); background-color: var(--awb-bg-color);\" data-fusion-font=\"true\" data-fusion-google-font=\"Instrument Sans\" data-fusion-google-variant=\"500\">Le projet vise \u00e0 cr\u00e9er des plantations d'esp\u00e8ces natives dans les infrastructures routi\u00e8res pour att\u00e9nuer l'impact n\u00e9gatif de la pollution sonore, visuelle et des \u00e9missions de gaz \u00e0 effet de serre g\u00e9n\u00e9r\u00e9es par le trafic automobile.<\/span><\/p>\n<p data-fusion-font=\"true\" style=\"font-size: 15px; font-family: 'Instrument Sans'; font-weight: 500;\" data-fusion-google-font=\"Instrument Sans\" data-fusion-google-variant=\"500\">Les plantations dans les infrastructures routi\u00e8res, telles que les autoroutes, favorisent la protection du sol et de l'asphalte, l'int\u00e9gration paysag\u00e8re, le reboisement des zones affect\u00e9es par les travaux, la formation de corridors biologiques, la signalisation des ronds-points et des obstacles, tout en offrant des barri\u00e8res visuelles, acoustiques et contre le vent.<\/p>\n<\/div><\/div><\/div><\/div><\/div><div class=\"fusion-fullwidth fullwidth-box fusion-builder-row-3 fusion-flex-container has-pattern-background has-mask-background hundred-percent-fullwidth non-hundred-percent-height-scrolling\" style=\"--awb-border-radius-top-left:0px;--awb-border-radius-top-right:0px;--awb-border-radius-bottom-right:0px;--awb-border-radius-bottom-left:0px;--awb-padding-right:0px;--awb-padding-bottom:0px;--awb-padding-left:25px;--awb-padding-left-medium:0px;--awb-margin-bottom:0px;--awb-background-color:#203854;--awb-flex-wrap:wrap;\" ><div class=\"fusion-builder-row fusion-row fusion-flex-align-items-stretch fusion-flex-content-wrap\" style=\"width:104% !important;max-width:104% !important;margin-left: calc(-4% \/ 2 );margin-right: calc(-4% \/ 2 );\"><div class=\"fusion-layout-column fusion_builder_column fusion-builder-column-2 fusion_builder_column_1_3 1_3 fusion-flex-column\" style=\"--awb-padding-top:60px;--awb-padding-right:70px;--awb-padding-bottom:70px;--awb-padding-left:70px;--awb-padding-left-medium:78px;--awb-padding-right-small:30px;--awb-padding-left-small:30px;--awb-bg-color:#a2a1a1;--awb-bg-color-hover:#a2a1a1;--awb-bg-size:cover;--awb-width-large:33.333333333333%;--awb-margin-top-large:0px;--awb-spacing-right-large:0%;--awb-margin-bottom-large:0px;--awb-spacing-left-large:0%;--awb-width-medium:33.333333333333%;--awb-order-medium:0;--awb-spacing-right-medium:0%;--awb-spacing-left-medium:0%;--awb-width-small:100%;--awb-order-small:0;--awb-spacing-right-small:1.92%;--awb-spacing-left-small:1.92%;\"><div class=\"fusion-column-wrapper fusion-column-has-shadow fusion-flex-justify-content-flex-start fusion-content-layout-column\"><div class=\"fusion-text fusion-text-3\"><p style=\"color: var(--awb-color1); font-size: 18px; font-family: 'Instrument Sans'; font-weight: 600;\" data-fusion-font=\"true\" data-fusion-google-font=\"Instrument Sans\" data-fusion-google-variant=\"600\">Donn\u00e9es<\/p>\n<\/div><div class=\"fusion-image-element\" style=\"--awb-caption-title-font-family:var(--h2_typography-font-family);--awb-caption-title-font-weight:var(--h2_typography-font-weight);--awb-caption-title-font-style:var(--h2_typography-font-style);--awb-caption-title-size:var(--h2_typography-font-size);--awb-caption-title-transform:var(--h2_typography-text-transform);--awb-caption-title-line-height:var(--h2_typography-line-height);--awb-caption-title-letter-spacing:var(--h2_typography-letter-spacing);\"><span class=\"fusion-imageframe imageframe-none imageframe-2 hover-type-none\"><img decoding=\"async\" width=\"800\" height=\"699\" alt=\"Donn\u00e9es\" title=\"Autopistas_iconos1\" src=\"https:\/\/www.argentinaase.org\/wp-content\/uploads\/2024\/05\/Autopistas_iconos1.png\" class=\"img-responsive wp-image-1128\" srcset=\"https:\/\/www.argentinaase.org\/wp-content\/uploads\/2024\/05\/Autopistas_iconos1-200x175.png 200w, https:\/\/www.argentinaase.org\/wp-content\/uploads\/2024\/05\/Autopistas_iconos1-400x350.png 400w, https:\/\/www.argentinaase.org\/wp-content\/uploads\/2024\/05\/Autopistas_iconos1-600x524.png 600w, https:\/\/www.argentinaase.org\/wp-content\/uploads\/2024\/05\/Autopistas_iconos1.png 800w\" sizes=\"(max-width: 640px) 100vw, 400px\" \/><\/span><\/div><\/div><\/div><div class=\"fusion-layout-column fusion_builder_column fusion-builder-column-3 fusion_builder_column_1_3 1_3 fusion-flex-column\" style=\"--awb-padding-top:60px;--awb-padding-right:70px;--awb-padding-bottom:70px;--awb-padding-left:70px;--awb-padding-right-small:30px;--awb-padding-left-small:30px;--awb-bg-color:#ff9900;--awb-bg-color-hover:#ff9900;--awb-bg-size:cover;--awb-width-large:33.333333333333%;--awb-margin-top-large:0px;--awb-spacing-right-large:0%;--awb-margin-bottom-large:0px;--awb-spacing-left-large:0%;--awb-width-medium:33.333333333333%;--awb-order-medium:0;--awb-spacing-right-medium:0%;--awb-spacing-left-medium:0%;--awb-width-small:100%;--awb-order-small:0;--awb-spacing-right-small:1.92%;--awb-spacing-left-small:1.92%;\"><div class=\"fusion-column-wrapper fusion-column-has-shadow fusion-flex-justify-content-flex-start fusion-content-layout-column\"><div class=\"fusion-text fusion-text-4\"><p style=\"color: var(--awb-color1); font-size: 18px; font-family: 'Instrument Sans'; font-weight: 600;\" data-fusion-font=\"true\" data-fusion-google-font=\"Instrument Sans\" data-fusion-google-variant=\"600\">Utilisations \u00e9conomiques<\/p>\n<\/div><div class=\"fusion-image-element\" style=\"--awb-caption-title-font-family:var(--h2_typography-font-family);--awb-caption-title-font-weight:var(--h2_typography-font-weight);--awb-caption-title-font-style:var(--h2_typography-font-style);--awb-caption-title-size:var(--h2_typography-font-size);--awb-caption-title-transform:var(--h2_typography-text-transform);--awb-caption-title-line-height:var(--h2_typography-line-height);--awb-caption-title-letter-spacing:var(--h2_typography-letter-spacing);\"><span class=\"fusion-imageframe imageframe-none imageframe-3 hover-type-none\"><img decoding=\"async\" width=\"800\" height=\"699\" alt=\"Usos economicos\" title=\"Autopistas_iconos2\" src=\"https:\/\/www.argentinaase.org\/wp-content\/uploads\/2024\/05\/Autopistas_iconos2.png\" class=\"img-responsive wp-image-1129\" srcset=\"https:\/\/www.argentinaase.org\/wp-content\/uploads\/2024\/05\/Autopistas_iconos2-200x175.png 200w, https:\/\/www.argentinaase.org\/wp-content\/uploads\/2024\/05\/Autopistas_iconos2-400x350.png 400w, https:\/\/www.argentinaase.org\/wp-content\/uploads\/2024\/05\/Autopistas_iconos2-600x524.png 600w, https:\/\/www.argentinaase.org\/wp-content\/uploads\/2024\/05\/Autopistas_iconos2.png 800w\" sizes=\"(max-width: 640px) 100vw, 400px\" \/><\/span><\/div><\/div><\/div><div class=\"fusion-layout-column fusion_builder_column fusion-builder-column-4 fusion_builder_column_1_3 1_3 fusion-flex-column\" style=\"--awb-padding-top:60px;--awb-padding-right:42px;--awb-padding-bottom:70px;--awb-padding-left:70px;--awb-padding-right-small:30px;--awb-padding-left-small:30px;--awb-bg-color:#3d840e;--awb-bg-color-hover:#3d840e;--awb-bg-size:cover;--awb-width-large:33.333333333333%;--awb-margin-top-large:0px;--awb-spacing-right-large:5.76%;--awb-margin-bottom-large:0px;--awb-spacing-left-large:0%;--awb-width-medium:33.333333333333%;--awb-order-medium:0;--awb-spacing-right-medium:5.76%;--awb-spacing-left-medium:0%;--awb-width-small:100%;--awb-order-small:0;--awb-spacing-right-small:1.92%;--awb-spacing-left-small:1.92%;\"><div class=\"fusion-column-wrapper fusion-column-has-shadow fusion-flex-justify-content-flex-start fusion-content-layout-column\"><div class=\"fusion-text fusion-text-5\"><p style=\"color: var(--awb-color1); font-size: 18px; font-family: 'Instrument Sans'; font-weight: 600;\" data-fusion-font=\"true\" data-fusion-google-font=\"Instrument Sans\" data-fusion-google-variant=\"600\">Utilisations environnementales<\/p>\n<\/div><div class=\"fusion-image-element\" style=\"--awb-caption-title-font-family:var(--h2_typography-font-family);--awb-caption-title-font-weight:var(--h2_typography-font-weight);--awb-caption-title-font-style:var(--h2_typography-font-style);--awb-caption-title-size:var(--h2_typography-font-size);--awb-caption-title-transform:var(--h2_typography-text-transform);--awb-caption-title-line-height:var(--h2_typography-line-height);--awb-caption-title-letter-spacing:var(--h2_typography-letter-spacing);\"><span class=\"fusion-imageframe imageframe-none imageframe-4 hover-type-none\"><img decoding=\"async\" width=\"800\" height=\"699\" alt=\"Niveles\" title=\"Autopistas_iconos3\" src=\"https:\/\/www.argentinaase.org\/wp-content\/uploads\/2024\/05\/Autopistas_iconos3.png\" class=\"img-responsive wp-image-1130\" srcset=\"https:\/\/www.argentinaase.org\/wp-content\/uploads\/2024\/05\/Autopistas_iconos3-200x175.png 200w, https:\/\/www.argentinaase.org\/wp-content\/uploads\/2024\/05\/Autopistas_iconos3-400x350.png 400w, https:\/\/www.argentinaase.org\/wp-content\/uploads\/2024\/05\/Autopistas_iconos3-600x524.png 600w, https:\/\/www.argentinaase.org\/wp-content\/uploads\/2024\/05\/Autopistas_iconos3.png 800w\" sizes=\"(max-width: 640px) 100vw, 400px\" \/><\/span><\/div><\/div><\/div><\/div><\/div><\/p>","protected":false},"excerpt":{"rendered":"","protected":false},"author":1,"featured_media":0,"parent":0,"menu_order":0,"comment_status":"closed","ping_status":"closed","template":"100-width.php","meta":{"footnotes":""},"class_list":["post-396","page","type-page","status-publish","hentry"],"yoast_head":"<!-- This site is optimized with the Yoast SEO plugin v22.4 - https:\/\/yoast.com\/wordpress\/plugins\/seo\/ -->\n<title>Forestaci\u00f3n en autopistas &#183; Fundaci\u00f3n Argentina ASE<\/title>\n<meta name=\"description\" content=\"ASE es AMBIENTE, SUSTENTABILIDAD y ECOSISTEMAS y ASE es AUSTRAL, SUDAMERICANA y EMERGENTE.\" \/>\n<meta name=\"robots\" content=\"index, follow, max-snippet:-1, max-image-preview:large, max-video-preview:-1\" \/>\n<link rel=\"canonical\" href=\"https:\/\/www.argentinaase.org\/fr\/forestacion-en-autopistas\/\" \/>\n<meta property=\"og:locale\" content=\"fr_FR\" \/>\n<meta property=\"og:type\" content=\"article\" \/>\n<meta property=\"og:title\" content=\"Forestaci\u00f3n en autopistas &#183; Fundaci\u00f3n Argentina ASE\" \/>\n<meta property=\"og:description\" content=\"ASE es AMBIENTE, SUSTENTABILIDAD y ECOSISTEMAS y ASE es AUSTRAL, SUDAMERICANA y EMERGENTE.\" \/>\n<meta property=\"og:url\" content=\"https:\/\/www.argentinaase.org\/fr\/forestacion-en-autopistas\/\" \/>\n<meta property=\"og:site_name\" content=\"Fundaci\u00f3n Argentina ASE\" \/>\n<meta property=\"article:publisher\" content=\"https:\/\/www.facebook.com\/ArgentinaASE\" \/>\n<meta property=\"article:modified_time\" content=\"2024-05-09T18:46:08+00:00\" \/>\n<meta property=\"og:image\" content=\"https:\/\/www.argentinaase.org\/wp-content\/uploads\/2024\/04\/ASE_Logo-02-scaled.jpg\" \/>\n\t<meta property=\"og:image:width\" content=\"2560\" \/>\n\t<meta property=\"og:image:height\" content=\"1280\" \/>\n\t<meta property=\"og:image:type\" content=\"image\/jpeg\" \/>\n<meta name=\"twitter:card\" content=\"summary_large_image\" \/>\n<meta name=\"twitter:site\" content=\"@argentinaase\" \/>\n<meta name=\"twitter:label1\" content=\"Dur\u00e9e de lecture estim\u00e9e\" \/>\n\t<meta name=\"twitter:data1\" content=\"13 minutes\" \/>\n<script type=\"application\/ld+json\" class=\"yoast-schema-graph\">{\"@context\":\"https:\/\/schema.org\",\"@graph\":[{\"@type\":\"WebPage\",\"@id\":\"https:\/\/www.argentinaase.org\/forestacion-en-autopistas\/\",\"url\":\"https:\/\/www.argentinaase.org\/forestacion-en-autopistas\/\",\"name\":\"Forestaci\u00f3n en autopistas &#183; Fundaci\u00f3n Argentina ASE\",\"isPartOf\":{\"@id\":\"https:\/\/www.argentinaase.org\/#website\"},\"datePublished\":\"2024-03-26T18:25:09+00:00\",\"dateModified\":\"2024-05-09T18:46:08+00:00\",\"description\":\"ASE es AMBIENTE, SUSTENTABILIDAD y ECOSISTEMAS y ASE es AUSTRAL, SUDAMERICANA y EMERGENTE.\",\"breadcrumb\":{\"@id\":\"https:\/\/www.argentinaase.org\/forestacion-en-autopistas\/#breadcrumb\"},\"inLanguage\":\"fr-FR\",\"potentialAction\":[{\"@type\":\"ReadAction\",\"target\":[\"https:\/\/www.argentinaase.org\/forestacion-en-autopistas\/\"]}]},{\"@type\":\"BreadcrumbList\",\"@id\":\"https:\/\/www.argentinaase.org\/forestacion-en-autopistas\/#breadcrumb\",\"itemListElement\":[{\"@type\":\"ListItem\",\"position\":1,\"name\":\"Inicio\",\"item\":\"https:\/\/www.argentinaase.org\/\"},{\"@type\":\"ListItem\",\"position\":2,\"name\":\"Forestaci\u00f3n en autopistas\"}]},{\"@type\":\"WebSite\",\"@id\":\"https:\/\/www.argentinaase.org\/#website\",\"url\":\"https:\/\/www.argentinaase.org\/\",\"name\":\"Fundaci\u00f3n Argentina ASE\",\"description\":\"\",\"publisher\":{\"@id\":\"https:\/\/www.argentinaase.org\/#organization\"},\"potentialAction\":[{\"@type\":\"SearchAction\",\"target\":{\"@type\":\"EntryPoint\",\"urlTemplate\":\"https:\/\/www.argentinaase.org\/?s={search_term_string}\"},\"query-input\":\"required name=search_term_string\"}],\"inLanguage\":\"fr-FR\"},{\"@type\":\"Organization\",\"@id\":\"https:\/\/www.argentinaase.org\/#organization\",\"name\":\"Fundaci\u00f3n Argentina ASE\",\"url\":\"https:\/\/www.argentinaase.org\/\",\"logo\":{\"@type\":\"ImageObject\",\"inLanguage\":\"fr-FR\",\"@id\":\"https:\/\/www.argentinaase.org\/#\/schema\/logo\/image\/\",\"url\":\"https:\/\/www.argentinaase.org\/wp-content\/uploads\/2024\/04\/ASE_Logo-02-scaled.jpg\",\"contentUrl\":\"https:\/\/www.argentinaase.org\/wp-content\/uploads\/2024\/04\/ASE_Logo-02-scaled.jpg\",\"width\":2560,\"height\":1280,\"caption\":\"Fundaci\u00f3n Argentina ASE\"},\"image\":{\"@id\":\"https:\/\/www.argentinaase.org\/#\/schema\/logo\/image\/\"},\"sameAs\":[\"https:\/\/www.facebook.com\/ArgentinaASE\",\"https:\/\/twitter.com\/argentinaase\",\"https:\/\/www.instagram.com\/argentinaase\/\",\"https:\/\/www.linkedin.com\/company\/52172641\/\"]}]}<\/script>\n<!-- \/ Yoast SEO plugin. -->","yoast_head_json":{"title":"Forestaci\u00f3n en autopistas &#183; Fundaci\u00f3n Argentina ASE","description":"ASE es AMBIENTE, SUSTENTABILIDAD y ECOSISTEMAS y ASE es AUSTRAL, SUDAMERICANA y EMERGENTE.","robots":{"index":"index","follow":"follow","max-snippet":"max-snippet:-1","max-image-preview":"max-image-preview:large","max-video-preview":"max-video-preview:-1"},"canonical":"https:\/\/www.argentinaase.org\/fr\/forestacion-en-autopistas\/","og_locale":"fr_FR","og_type":"article","og_title":"Forestaci\u00f3n en autopistas &#183; Fundaci\u00f3n Argentina ASE","og_description":"ASE es AMBIENTE, SUSTENTABILIDAD y ECOSISTEMAS y ASE es AUSTRAL, SUDAMERICANA y EMERGENTE.","og_url":"https:\/\/www.argentinaase.org\/fr\/forestacion-en-autopistas\/","og_site_name":"Fundaci\u00f3n Argentina ASE","article_publisher":"https:\/\/www.facebook.com\/ArgentinaASE","article_modified_time":"2024-05-09T18:46:08+00:00","og_image":[{"width":2560,"height":1280,"url":"https:\/\/www.argentinaase.org\/wp-content\/uploads\/2024\/04\/ASE_Logo-02-scaled.jpg","type":"image\/jpeg"}],"twitter_card":"summary_large_image","twitter_site":"@argentinaase","twitter_misc":{"Dur\u00e9e de lecture estim\u00e9e":"13 minutes"},"schema":{"@context":"https:\/\/schema.org","@graph":[{"@type":"WebPage","@id":"https:\/\/www.argentinaase.org\/forestacion-en-autopistas\/","url":"https:\/\/www.argentinaase.org\/forestacion-en-autopistas\/","name":"Forestaci\u00f3n en autopistas &#183; Fundaci\u00f3n Argentina ASE","isPartOf":{"@id":"https:\/\/www.argentinaase.org\/#website"},"datePublished":"2024-03-26T18:25:09+00:00","dateModified":"2024-05-09T18:46:08+00:00","description":"ASE es AMBIENTE, SUSTENTABILIDAD y ECOSISTEMAS y ASE es AUSTRAL, SUDAMERICANA y EMERGENTE.","breadcrumb":{"@id":"https:\/\/www.argentinaase.org\/forestacion-en-autopistas\/#breadcrumb"},"inLanguage":"fr-FR","potentialAction":[{"@type":"ReadAction","target":["https:\/\/www.argentinaase.org\/forestacion-en-autopistas\/"]}]},{"@type":"BreadcrumbList","@id":"https:\/\/www.argentinaase.org\/forestacion-en-autopistas\/#breadcrumb","itemListElement":[{"@type":"ListItem","position":1,"name":"Inicio","item":"https:\/\/www.argentinaase.org\/"},{"@type":"ListItem","position":2,"name":"Forestaci\u00f3n en autopistas"}]},{"@type":"WebSite","@id":"https:\/\/www.argentinaase.org\/#website","url":"https:\/\/www.argentinaase.org\/","name":"Fundaci\u00f3n Argentina ASE","description":"","publisher":{"@id":"https:\/\/www.argentinaase.org\/#organization"},"potentialAction":[{"@type":"SearchAction","target":{"@type":"EntryPoint","urlTemplate":"https:\/\/www.argentinaase.org\/?s={search_term_string}"},"query-input":"required name=search_term_string"}],"inLanguage":"fr-FR"},{"@type":"Organization","@id":"https:\/\/www.argentinaase.org\/#organization","name":"Fundaci\u00f3n Argentina ASE","url":"https:\/\/www.argentinaase.org\/","logo":{"@type":"ImageObject","inLanguage":"fr-FR","@id":"https:\/\/www.argentinaase.org\/#\/schema\/logo\/image\/","url":"https:\/\/www.argentinaase.org\/wp-content\/uploads\/2024\/04\/ASE_Logo-02-scaled.jpg","contentUrl":"https:\/\/www.argentinaase.org\/wp-content\/uploads\/2024\/04\/ASE_Logo-02-scaled.jpg","width":2560,"height":1280,"caption":"Fundaci\u00f3n Argentina ASE"},"image":{"@id":"https:\/\/www.argentinaase.org\/#\/schema\/logo\/image\/"},"sameAs":["https:\/\/www.facebook.com\/ArgentinaASE","https:\/\/twitter.com\/argentinaase","https:\/\/www.instagram.com\/argentinaase\/","https:\/\/www.linkedin.com\/company\/52172641\/"]}]}},"_links":{"self":[{"href":"https:\/\/www.argentinaase.org\/fr\/wp-json\/wp\/v2\/pages\/396","targetHints":{"allow":["GET"]}}],"collection":[{"href":"https:\/\/www.argentinaase.org\/fr\/wp-json\/wp\/v2\/pages"}],"about":[{"href":"https:\/\/www.argentinaase.org\/fr\/wp-json\/wp\/v2\/types\/page"}],"author":[{"embeddable":true,"href":"https:\/\/www.argentinaase.org\/fr\/wp-json\/wp\/v2\/users\/1"}],"replies":[{"embeddable":true,"href":"https:\/\/www.argentinaase.org\/fr\/wp-json\/wp\/v2\/comments?post=396"}],"version-history":[{"count":14,"href":"https:\/\/www.argentinaase.org\/fr\/wp-json\/wp\/v2\/pages\/396\/revisions"}],"predecessor-version":[{"id":1132,"href":"https:\/\/www.argentinaase.org\/fr\/wp-json\/wp\/v2\/pages\/396\/revisions\/1132"}],"wp:attachment":[{"href":"https:\/\/www.argentinaase.org\/fr\/wp-json\/wp\/v2\/media?parent=396"}],"curies":[{"name":"wp","href":"https:\/\/api.w.org\/{rel}","templated":true}]}}